{"id":16,"date":"2023-12-04T03:23:34","date_gmt":"2023-12-04T03:23:34","guid":{"rendered":"https:\/\/cittavet.com.br\/?page_id=16"},"modified":"2024-09-17T04:19:16","modified_gmt":"2024-09-17T04:19:16","slug":"nossas-especialidades","status":"publish","type":"page","link":"https:\/\/cittavet.com.br\/index.php\/nossas-especialidades\/","title":{"rendered":"Nossas Especialidades"},"content":{"rendered":"\t\t<div data-elementor-type=\"wp-page\" data-elementor-id=\"16\" class=\"elementor elementor-16\" data-elementor-post-type=\"page\">\n\t\t\t\t<div class=\"elementor-element elementor-element-c0a559e e-flex e-con-boxed wpr-particle-no wpr-jarallax-no wpr-parallax-no wpr-sticky-section-no e-con e-parent\" data-id=\"c0a559e\" data-element_type=\"container\" data-settings=\"{&quot;background_background&quot;:&quot;classic&quot;}\">\n\t\t\t\t\t<div class=\"e-con-inner\">\n\t\t<div class=\"elementor-element elementor-element-1d01136 e-con-full e-flex wpr-particle-no wpr-jarallax-no wpr-parallax-no wpr-sticky-section-no e-con e-child\" data-id=\"1d01136\" data-element_type=\"container\">\n\t\t\t\t<div class=\"elementor-element elementor-element-163b03c elementor-widget elementor-widget-video\" data-id=\"163b03c\" data-element_type=\"widget\" data-settings=\"{&quot;video_type&quot;:&quot;hosted&quot;,&quot;autoplay&quot;:&quot;yes&quot;,&quot;play_on_mobile&quot;:&quot;yes&quot;,&quot;mute&quot;:&quot;yes&quot;,&quot;loop&quot;:&quot;yes&quot;,&quot;controls&quot;:&quot;yes&quot;}\" data-widget_type=\"video.default\">\n\t\t\t\t<div class=\"elementor-widget-container\">\n\t\t\t\t\t<div class=\"e-hosted-video elementor-wrapper elementor-open-inline\">\n\t\t\t\t\t<video class=\"elementor-video\" src=\"https:\/\/cittavet.com.br\/wp-content\/uploads\/2024\/09\/video-especialidades.mp4\" autoplay=\"\" loop=\"\" controls=\"\" muted=\"muted\" playsinline=\"\" controlsList=\"nodownload\"><\/video>\n\t\t\t\t<\/div>\n\t\t\t\t<\/div>\n\t\t\t\t<\/div>\n\t\t\t\t<\/div>\n\t\t<div class=\"elementor-element elementor-element-030d3bb e-con-full e-flex wpr-particle-no wpr-jarallax-no wpr-parallax-no wpr-sticky-section-no e-con e-child\" data-id=\"030d3bb\" data-element_type=\"container\">\n\t\t\t\t<div class=\"elementor-element elementor-element-7d05251 elementor-widget elementor-widget-heading\" data-id=\"7d05251\" data-element_type=\"widget\" data-widget_type=\"heading.default\">\n\t\t\t\t<div class=\"elementor-widget-container\">\n\t\t\t<h2 class=\"elementor-heading-title elementor-size-default\">Nossas Especialidades<\/h2>\t\t<\/div>\n\t\t\t\t<\/div>\n\t\t\t\t<div class=\"elementor-element elementor-element-9dcc078 elementor-widget elementor-widget-heading\" data-id=\"9dcc078\" data-element_type=\"widget\" data-widget_type=\"heading.default\">\n\t\t\t\t<div class=\"elementor-widget-container\">\n\t\t\t<h2 class=\"elementor-heading-title elementor-size-default\">A equipe do Citt\u00e0 Vet \u00e9 formada por profissionais altamente qualificados e dedicados ao bem-estar dos animais<\/h2>\t\t<\/div>\n\t\t\t\t<\/div>\n\t\t\t\t<div class=\"elementor-element elementor-element-9dac258 elementor-widget elementor-widget-text-editor\" data-id=\"9dac258\" data-element_type=\"widget\" data-widget_type=\"text-editor.default\">\n\t\t\t\t<div class=\"elementor-widget-container\">\n\t\t\t\t\t\t\t<p>Assim como os humanos, os animais de estima\u00e7\u00e3o tamb\u00e9m precisam de cuidados espec\u00edficos para garantir sua sa\u00fade e bem-estar. \u00c9 a\u00ed que entram as <strong>especialidades veterin\u00e1rias<\/strong>, que desempenham um papel fundamental no diagn\u00f3stico e tratamento de condi\u00e7\u00f5es mais complexas. Especialistas como cardiologistas, dermatologistas, gastroenterologistas, ortopedistas e muitos outros s\u00e3o capacitados para lidar com quest\u00f5es espec\u00edficas de sa\u00fade, oferecendo um tratamento mais preciso e eficiente para cada tipo de necessidade.<\/p><p>Contar com profissionais especializados faz toda a diferen\u00e7a na qualidade de vida dos pets, especialmente quando falamos de condi\u00e7\u00f5es cr\u00f4nicas, doen\u00e7as raras ou procedimentos mais delicados. Um atendimento especializado pode ser o fator decisivo entre a recupera\u00e7\u00e3o r\u00e1pida ou o agravamento de um problema de sa\u00fade.<\/p><p>Al\u00e9m disso, \u00e9 essencial que os tutores realizem o <strong>check-up anual<\/strong> de seus animais. Assim como n\u00f3s, os pets podem desenvolver problemas de sa\u00fade silenciosos, que muitas vezes s\u00f3 s\u00e3o identificados com exames de rotina. O check-up anual ajuda a detectar doen\u00e7as precocemente, permitindo um tratamento preventivo ou a corre\u00e7\u00e3o do problema antes que ele se agrave. Isso inclui desde exames de sangue at\u00e9 consultas com especialistas, garantindo que o seu pet esteja sempre saud\u00e1vel.<\/p><p>A preven\u00e7\u00e3o \u00e9 o melhor caminho para proporcionar uma vida longa e saud\u00e1vel aos nossos companheiros. Por isso, um acompanhamento regular com especialistas e exames anuais s\u00e3o essenciais para manter a sa\u00fade do seu pet em dia. Afinal, cuidar bem de quem voc\u00ea ama significa oferecer o melhor que a medicina veterin\u00e1ria pode proporcionar.<\/p>\t\t\t\t\t\t<\/div>\n\t\t\t\t<\/div>\n\t\t\t\t<div class=\"elementor-element elementor-element-0c9127c elementor-widget elementor-widget-text-editor\" data-id=\"0c9127c\" data-element_type=\"widget\" data-widget_type=\"text-editor.default\">\n\t\t\t\t<div class=\"elementor-widget-container\">\n\t\t\t\t\t\t\t<p>ACUPUNTURA<br \/>CARDIOLOGIA<br \/>CIRURGIAS<br \/>CL\u00cdNICA DE FELINOS<br \/>CL\u00cdNICO GERAL<br \/>DENTISTA<br \/>DERMATOLOGIA<br \/>ENDOCRINOLOGIA<br \/>EXAMES DE IMAGEM<br \/>GASTROENTEROLOGIA<br \/>NEFROLOGIA<br \/>NUTRICIONISTA<br \/>OFTALMOLOGIA<br \/>ONCOLOGIA<br \/>ORTOPEDIA<br \/>OTORRINOLARINGOLOGIA<br \/>REABILITA\u00c7\u00c3O<br \/>ULTRASSONOGRAFIA<\/p>\t\t\t\t\t\t<\/div>\n\t\t\t\t<\/div>\n\t\t\t\t<\/div>\n\t\t\t\t\t<\/div>\n\t\t\t\t<\/div>\n\t\t<div class=\"elementor-element elementor-element-f22b9f9 e-flex e-con-boxed wpr-particle-no wpr-jarallax-no wpr-parallax-no wpr-sticky-section-no e-con e-parent\" data-id=\"f22b9f9\" data-element_type=\"container\" data-settings=\"{&quot;background_background&quot;:&quot;classic&quot;}\">\n\t\t\t\t\t<div class=\"e-con-inner\">\n\t\t\t\t<div class=\"elementor-element elementor-element-99b770c elementor-align-right elementor-icon-list--layout-traditional elementor-list-item-link-full_width elementor-widget elementor-widget-icon-list\" data-id=\"99b770c\" data-element_type=\"widget\" data-widget_type=\"icon-list.default\">\n\t\t\t\t<div class=\"elementor-widget-container\">\n\t\t\t\t\t<ul class=\"elementor-icon-list-items\">\n\t\t\t\t\t\t\t<li class=\"elementor-icon-list-item\">\n\t\t\t\t\t\t\t\t\t\t\t<span class=\"elementor-icon-list-icon\">\n\t\t\t\t\t\t\t<i aria-hidden=\"true\" class=\"far fa-calendar-alt\"><\/i>\t\t\t\t\t\t<\/span>\n\t\t\t\t\t\t\t\t\t\t<span class=\"elementor-icon-list-text\">Agende aqui sua consulta<\/span>\n\t\t\t\t\t\t\t\t\t<\/li>\n\t\t\t\t\t\t<\/ul>\n\t\t\t\t<\/div>\n\t\t\t\t<\/div>\n\t\t\t\t<div class=\"elementor-element elementor-element-c887df4 elementor-align-center elementor-widget elementor-widget-button\" data-id=\"c887df4\" data-element_type=\"widget\" data-widget_type=\"button.default\">\n\t\t\t\t<div class=\"elementor-widget-container\">\n\t\t\t\t\t<div class=\"elementor-button-wrapper\">\n\t\t\t<a class=\"elementor-button elementor-button-link elementor-size-sm elementor-animation-shrink\" href=\"https:\/\/linklist.bio\/agendamento-consulta?utm_source=site-ocicial&#038;utm_medium=btn-site&#038;utm_campaign=agendamento-site&#038;utm_id=agendamento-site&#038;utm_term=agendamento+de+consulta+via+site+oficial&#038;utm_content=agendamento+de+consulta+veterianaria\" target=\"_blank\">\n\t\t\t\t\t\t<span class=\"elementor-button-content-wrapper\">\n\t\t\t\t\t\t\t\t\t<span class=\"elementor-button-text\">Agendar Consulta<\/span>\n\t\t\t\t\t<\/span>\n\t\t\t\t\t<\/a>\n\t\t<\/div>\n\t\t\t\t<\/div>\n\t\t\t\t<\/div>\n\t\t\t\t\t<\/div>\n\t\t\t\t<\/div>\n\t\t\t\t<\/div>\n\t\t","protected":false},"excerpt":{"rendered":"<p>https:\/\/cittavet.com.br\/wp-content\/uploads\/2024\/09\/video-especialidades.mp4 Nossas Especialidades A equipe do Citt\u00e0 Vet \u00e9 formada por profissionais altamente qualificados e dedicados ao bem-estar dos animais Assim como os humanos, os animais de estima\u00e7\u00e3o tamb\u00e9m precisam de cuidados espec\u00edficos para garantir sua sa\u00fade e bem-estar. \u00c9 a\u00ed que entram as especialidades veterin\u00e1rias, que desempenham um papel fundamental no diagn\u00f3stico e tratamento de condi\u00e7\u00f5es mais complexas. Especialistas como cardiologistas, dermatologistas, gastroenterologistas, ortopedistas e muitos outros s\u00e3o capacitados para lidar com quest\u00f5es espec\u00edficas de sa\u00fade, oferecendo um tratamento mais preciso e eficiente para cada tipo de necessidade. Contar com profissionais especializados faz toda a diferen\u00e7a na qualidade de vida dos pets, especialmente quando falamos de condi\u00e7\u00f5es cr\u00f4nicas, doen\u00e7as raras ou procedimentos mais delicados. Um atendimento especializado pode ser o fator decisivo entre a recupera\u00e7\u00e3o r\u00e1pida ou o agravamento de um problema de sa\u00fade. Al\u00e9m disso, \u00e9 essencial que os tutores realizem o check-up anual de seus animais. Assim como n\u00f3s, os pets podem desenvolver problemas de sa\u00fade silenciosos, que muitas vezes s\u00f3 s\u00e3o identificados com exames de rotina. O check-up anual ajuda a detectar doen\u00e7as precocemente, permitindo um tratamento preventivo ou a corre\u00e7\u00e3o do problema antes que ele se agrave. Isso inclui desde exames de sangue at\u00e9 consultas com especialistas, garantindo que o seu pet esteja sempre saud\u00e1vel. A preven\u00e7\u00e3o \u00e9 o melhor caminho para proporcionar uma vida longa e saud\u00e1vel aos nossos companheiros. Por isso, um acompanhamento regular com especialistas e exames anuais s\u00e3o essenciais para manter a sa\u00fade do seu pet em dia. Afinal, cuidar bem de quem voc\u00ea ama significa oferecer o melhor que a medicina veterin\u00e1ria pode proporcionar. ACUPUNTURACARDIOLOGIACIRURGIASCL\u00cdNICA DE FELINOSCL\u00cdNICO GERALDENTISTADERMATOLOGIAENDOCRINOLOGIAEXAMES DE IMAGEMGASTROENTEROLOGIANEFROLOGIANUTRICIONISTAOFTALMOLOGIAONCOLOGIAORTOPEDIAOTORRINOLARINGOLOGIAREABILITA\u00c7\u00c3OULTRASSONOGRAFIA Agende aqui sua consulta Agendar Consulta<\/p>\n","protected":false},"author":1,"featured_media":0,"parent":0,"menu_order":0,"comment_status":"closed","ping_status":"closed","template":"elementor_header_footer","meta":{"footnotes":""},"class_list":["post-16","page","type-page","status-publish","hentry"],"_links":{"self":[{"href":"https:\/\/cittavet.com.br\/index.php\/wp-json\/wp\/v2\/pages\/16","targetHints":{"allow":["GET"]}}],"collection":[{"href":"https:\/\/cittavet.com.br\/index.php\/wp-json\/wp\/v2\/pages"}],"about":[{"href":"https:\/\/cittavet.com.br\/index.php\/wp-json\/wp\/v2\/types\/page"}],"author":[{"embeddable":true,"href":"https:\/\/cittavet.com.br\/index.php\/wp-json\/wp\/v2\/users\/1"}],"replies":[{"embeddable":true,"href":"https:\/\/cittavet.com.br\/index.php\/wp-json\/wp\/v2\/comments?post=16"}],"version-history":[{"count":7,"href":"https:\/\/cittavet.com.br\/index.php\/wp-json\/wp\/v2\/pages\/16\/revisions"}],"predecessor-version":[{"id":339,"href":"https:\/\/cittavet.com.br\/index.php\/wp-json\/wp\/v2\/pages\/16\/revisions\/339"}],"wp:attachment":[{"href":"https:\/\/cittavet.com.br\/index.php\/wp-json\/wp\/v2\/media?parent=16"}],"curies":[{"name":"wp","href":"https:\/\/api.w.org\/{rel}","templated":true}]}}