{"id":18,"date":"2023-12-04T03:23:49","date_gmt":"2023-12-04T03:23:49","guid":{"rendered":"https:\/\/cittavet.com.br\/?page_id=18"},"modified":"2024-09-18T16:24:36","modified_gmt":"2024-09-18T16:24:36","slug":"sobre-nos","status":"publish","type":"page","link":"https:\/\/cittavet.com.br\/index.php\/sobre-nos\/","title":{"rendered":"Sobre N\u00f3s"},"content":{"rendered":"\t\t<div data-elementor-type=\"wp-page\" data-elementor-id=\"18\" class=\"elementor elementor-18\" data-elementor-post-type=\"page\">\n\t\t\t\t<div class=\"elementor-element elementor-element-c522f5c e-flex e-con-boxed wpr-particle-no wpr-jarallax-no wpr-parallax-no wpr-sticky-section-no e-con e-parent\" data-id=\"c522f5c\" data-element_type=\"container\">\n\t\t\t\t\t<div class=\"e-con-inner\">\n\t\t\t\t<div class=\"elementor-element elementor-element-bddbdba elementor-widget elementor-widget-heading\" data-id=\"bddbdba\" data-element_type=\"widget\" data-widget_type=\"heading.default\">\n\t\t\t\t<div class=\"elementor-widget-container\">\n\t\t\t<h2 class=\"elementor-heading-title elementor-size-default\">Sobre n\u00f3s<\/h2>\t\t<\/div>\n\t\t\t\t<\/div>\n\t\t\t\t\t<\/div>\n\t\t\t\t<\/div>\n\t\t<div class=\"elementor-element elementor-element-26f2b52 e-flex e-con-boxed wpr-particle-no wpr-jarallax-no wpr-parallax-no wpr-sticky-section-no e-con e-parent\" data-id=\"26f2b52\" data-element_type=\"container\">\n\t\t\t\t\t<div class=\"e-con-inner\">\n\t\t<div class=\"elementor-element elementor-element-6226b2b e-con-full e-flex wpr-particle-no wpr-jarallax-no wpr-parallax-no wpr-sticky-section-no e-con e-child\" data-id=\"6226b2b\" data-element_type=\"container\">\n\t\t\t\t<div class=\"elementor-element elementor-element-8e0960d elementor-widget elementor-widget-image\" data-id=\"8e0960d\" data-element_type=\"widget\" data-widget_type=\"image.default\">\n\t\t\t\t<div class=\"elementor-widget-container\">\n\t\t\t\t\t\t\t\t\t\t\t\t\t<img fetchpriority=\"high\" decoding=\"async\" width=\"300\" height=\"300\" src=\"https:\/\/cittavet.com.br\/wp-content\/uploads\/2024\/09\/sobre-nos2-300x300.png\" class=\"attachment-medium size-medium wp-image-320\" alt=\"\" srcset=\"https:\/\/cittavet.com.br\/wp-content\/uploads\/2024\/09\/sobre-nos2-300x300.png 300w, https:\/\/cittavet.com.br\/wp-content\/uploads\/2024\/09\/sobre-nos2-150x150.png 150w, https:\/\/cittavet.com.br\/wp-content\/uploads\/2024\/09\/sobre-nos2.png 500w\" sizes=\"(max-width: 300px) 100vw, 300px\" \/>\t\t\t\t\t\t\t\t\t\t\t\t\t<\/div>\n\t\t\t\t<\/div>\n\t\t\t\t<\/div>\n\t\t<div class=\"elementor-element elementor-element-3a7ab8f e-con-full e-flex wpr-particle-no wpr-jarallax-no wpr-parallax-no wpr-sticky-section-no e-con e-child\" data-id=\"3a7ab8f\" data-element_type=\"container\">\n\t\t\t\t<div class=\"elementor-element elementor-element-a20e7fa elementor-widget elementor-widget-text-editor\" data-id=\"a20e7fa\" data-element_type=\"widget\" data-widget_type=\"text-editor.default\">\n\t\t\t\t<div class=\"elementor-widget-container\">\n\t\t\t\t\t\t\t<p>Fundada em 2002, a <strong>Citt\u00e0 Vet<\/strong> se consolidou como um hospital veterin\u00e1rio refer\u00eancia no cuidado humanizado e especializado para os animais. Desde o in\u00edcio, nossa miss\u00e3o tem sido oferecer atendimento de excel\u00eancia, priorizando a sa\u00fade e o bem-estar dos nossos ador\u00e1veis companheiros. Cada aspecto, desde os atendimentos cl\u00ednicos at\u00e9 os servi\u00e7os de est\u00e9tica, \u00e9 cuidadosamente monitorado pela nossa equipe de veterin\u00e1rios altamente capacitados, que se dedicam a tratar cada pet com aten\u00e7\u00e3o e carinho, garantindo que todos recebam o cuidado personalizado que merecem.<\/p><p>Com o passar dos anos, a <strong>Citt\u00e0 Vet<\/strong> expandiu sua atua\u00e7\u00e3o e hoje conta com tr\u00eas unidades localizadas na <strong>Barra da Tijuca<\/strong>: <strong>Citt\u00e0 Office Mall<\/strong>, <strong>Jardim Oce\u00e2nico<\/strong> e <strong>BarraShopping<\/strong>. Essas unidades est\u00e3o equipadas com tecnologia de ponta e uma infraestrutura completa, permitindo a realiza\u00e7\u00e3o de tratamentos inovadores e procedimentos de alta complexidade.<\/p>\t\t\t\t\t\t<\/div>\n\t\t\t\t<\/div>\n\t\t\t\t<\/div>\n\t\t\t\t\t<\/div>\n\t\t\t\t<\/div>\n\t\t<div class=\"elementor-element elementor-element-78af9d5 e-flex e-con-boxed wpr-particle-no wpr-jarallax-no wpr-parallax-no wpr-sticky-section-no e-con e-parent\" data-id=\"78af9d5\" data-element_type=\"container\">\n\t\t\t\t\t<div class=\"e-con-inner\">\n\t\t<div class=\"elementor-element elementor-element-45795f7 e-con-full e-flex wpr-particle-no wpr-jarallax-no wpr-parallax-no wpr-sticky-section-no e-con e-child\" data-id=\"45795f7\" data-element_type=\"container\">\n\t\t\t\t<div class=\"elementor-element elementor-element-660a98a elementor-widget elementor-widget-text-editor\" data-id=\"660a98a\" data-element_type=\"widget\" data-widget_type=\"text-editor.default\">\n\t\t\t\t<div class=\"elementor-widget-container\">\n\t\t\t\t\t\t\t<p>Mais do que um hospital veterin\u00e1rio, a Citt\u00e0 Vet se destaca pelo compromisso \u00e9tico e pela rela\u00e7\u00e3o de confian\u00e7a constru\u00edda com os tutores, sempre visando proporcionar o m\u00e1ximo de conforto e seguran\u00e7a para os animais. Com uma equipe apaixonada pelo que faz e uma trajet\u00f3ria de sucesso, continuamos a ser uma refer\u00eancia em cuidado veterin\u00e1rio, sempre com foco no amor e respeito pelos animais.<\/p>\t\t\t\t\t\t<\/div>\n\t\t\t\t<\/div>\n\t\t\t\t<\/div>\n\t\t<div class=\"elementor-element elementor-element-fea3ace e-con-full e-flex wpr-particle-no wpr-jarallax-no wpr-parallax-no wpr-sticky-section-no e-con e-child\" data-id=\"fea3ace\" data-element_type=\"container\">\n\t\t\t\t<div class=\"elementor-element elementor-element-c99019e elementor-widget elementor-widget-image\" data-id=\"c99019e\" data-element_type=\"widget\" data-widget_type=\"image.default\">\n\t\t\t\t<div class=\"elementor-widget-container\">\n\t\t\t\t\t\t\t\t\t\t\t\t\t<img decoding=\"async\" width=\"800\" height=\"400\" src=\"https:\/\/cittavet.com.br\/wp-content\/uploads\/2023\/12\/socios2.png\" class=\"attachment-large size-large wp-image-204\" alt=\"\" srcset=\"https:\/\/cittavet.com.br\/wp-content\/uploads\/2023\/12\/socios2.png 800w, https:\/\/cittavet.com.br\/wp-content\/uploads\/2023\/12\/socios2-300x150.png 300w, https:\/\/cittavet.com.br\/wp-content\/uploads\/2023\/12\/socios2-768x384.png 768w\" sizes=\"(max-width: 800px) 100vw, 800px\" \/>\t\t\t\t\t\t\t\t\t\t\t\t\t<\/div>\n\t\t\t\t<\/div>\n\t\t\t\t<\/div>\n\t\t\t\t\t<\/div>\n\t\t\t\t<\/div>\n\t\t<div class=\"elementor-element elementor-element-d965bfb e-flex e-con-boxed wpr-particle-no wpr-jarallax-no wpr-parallax-no wpr-sticky-section-no e-con e-parent\" data-id=\"d965bfb\" data-element_type=\"container\">\n\t\t\t\t\t<div class=\"e-con-inner\">\n\t\t<div class=\"elementor-element elementor-element-884b5ac e-con-full e-flex wpr-particle-no wpr-jarallax-no wpr-parallax-no wpr-sticky-section-no e-con e-child\" data-id=\"884b5ac\" data-element_type=\"container\">\n\t\t\t\t<div class=\"elementor-element elementor-element-94a3e03 elementor-widget elementor-widget-image\" data-id=\"94a3e03\" data-element_type=\"widget\" data-widget_type=\"image.default\">\n\t\t\t\t<div class=\"elementor-widget-container\">\n\t\t\t\t\t\t\t\t\t\t\t\t\t<img decoding=\"async\" width=\"800\" height=\"370\" src=\"https:\/\/cittavet.com.br\/wp-content\/uploads\/2023\/12\/11-1024x474.png\" class=\"attachment-large size-large wp-image-189\" alt=\"\" srcset=\"https:\/\/cittavet.com.br\/wp-content\/uploads\/2023\/12\/11-1024x474.png 1024w, https:\/\/cittavet.com.br\/wp-content\/uploads\/2023\/12\/11-300x139.png 300w, https:\/\/cittavet.com.br\/wp-content\/uploads\/2023\/12\/11-768x356.png 768w, https:\/\/cittavet.com.br\/wp-content\/uploads\/2023\/12\/11.png 1080w\" sizes=\"(max-width: 800px) 100vw, 800px\" \/>\t\t\t\t\t\t\t\t\t\t\t\t\t<\/div>\n\t\t\t\t<\/div>\n\t\t\t\t<\/div>\n\t\t<div class=\"elementor-element elementor-element-b5918dc e-con-full e-flex wpr-particle-no wpr-jarallax-no wpr-parallax-no wpr-sticky-section-no e-con e-child\" data-id=\"b5918dc\" data-element_type=\"container\">\n\t\t\t\t<div class=\"elementor-element elementor-element-68ca585 elementor-widget elementor-widget-image\" data-id=\"68ca585\" data-element_type=\"widget\" data-widget_type=\"image.default\">\n\t\t\t\t<div class=\"elementor-widget-container\">\n\t\t\t\t\t\t\t\t\t\t\t\t\t<img loading=\"lazy\" decoding=\"async\" width=\"800\" height=\"370\" src=\"https:\/\/cittavet.com.br\/wp-content\/uploads\/2023\/12\/21-1024x474.png\" class=\"attachment-large size-large wp-image-190\" alt=\"\" srcset=\"https:\/\/cittavet.com.br\/wp-content\/uploads\/2023\/12\/21-1024x474.png 1024w, https:\/\/cittavet.com.br\/wp-content\/uploads\/2023\/12\/21-300x139.png 300w, https:\/\/cittavet.com.br\/wp-content\/uploads\/2023\/12\/21-768x356.png 768w, https:\/\/cittavet.com.br\/wp-content\/uploads\/2023\/12\/21.png 1080w\" sizes=\"(max-width: 800px) 100vw, 800px\" \/>\t\t\t\t\t\t\t\t\t\t\t\t\t<\/div>\n\t\t\t\t<\/div>\n\t\t\t\t<\/div>\n\t\t<div class=\"elementor-element elementor-element-6997b8a e-con-full e-flex wpr-particle-no wpr-jarallax-no wpr-parallax-no wpr-sticky-section-no e-con e-child\" data-id=\"6997b8a\" data-element_type=\"container\">\n\t\t\t\t<div class=\"elementor-element elementor-element-af5e604 elementor-widget elementor-widget-image\" data-id=\"af5e604\" data-element_type=\"widget\" data-widget_type=\"image.default\">\n\t\t\t\t<div class=\"elementor-widget-container\">\n\t\t\t\t\t\t\t\t\t\t\t\t\t<img loading=\"lazy\" decoding=\"async\" width=\"800\" height=\"370\" src=\"https:\/\/cittavet.com.br\/wp-content\/uploads\/2024\/09\/UNID-CITTA-2-1-1024x474.jpg\" class=\"attachment-large size-large wp-image-364\" alt=\"\" srcset=\"https:\/\/cittavet.com.br\/wp-content\/uploads\/2024\/09\/UNID-CITTA-2-1-1024x474.jpg 1024w, https:\/\/cittavet.com.br\/wp-content\/uploads\/2024\/09\/UNID-CITTA-2-1-300x139.jpg 300w, https:\/\/cittavet.com.br\/wp-content\/uploads\/2024\/09\/UNID-CITTA-2-1-768x356.jpg 768w, https:\/\/cittavet.com.br\/wp-content\/uploads\/2024\/09\/UNID-CITTA-2-1.jpg 1080w\" sizes=\"(max-width: 800px) 100vw, 800px\" \/>\t\t\t\t\t\t\t\t\t\t\t\t\t<\/div>\n\t\t\t\t<\/div>\n\t\t\t\t<\/div>\n\t\t\t\t\t<\/div>\n\t\t\t\t<\/div>\n\t\t<div class=\"elementor-element elementor-element-afa7839 e-flex e-con-boxed wpr-particle-no wpr-jarallax-no wpr-parallax-no wpr-sticky-section-no e-con e-parent\" data-id=\"afa7839\" data-element_type=\"container\">\n\t\t\t\t\t<div class=\"e-con-inner\">\n\t\t\t\t<div class=\"elementor-element elementor-element-30dc01e elementor-widget elementor-widget-text-editor\" data-id=\"30dc01e\" data-element_type=\"widget\" data-widget_type=\"text-editor.default\">\n\t\t\t\t<div class=\"elementor-widget-container\">\n\t\t\t\t\t\t\t<p><strong>Nossa Miss\u00e3o:<\/strong><br \/>Promover sa\u00fade e bem-estar para nossos pacientes e tutores vai muito al\u00e9m de uma simples profiss\u00e3o, \u00e9 a nossa verdadeira paix\u00e3o. Com um atendimento sempre personalizado e \u00e9tico, nos dedicamos a cuidar dos animais com todo o amor que eles merecem, porque sabemos que quando voc\u00ea confia em n\u00f3s, est\u00e1 buscando o melhor para quem voc\u00ea ama.<\/p><p><strong>Nossa Vis\u00e3o:<\/strong><br \/>Ser a refer\u00eancia que voc\u00ea pode confiar no mercado pet. Com tecnologia de ponta e uma estrutura completa de atendimento veterin\u00e1rio, estamos prontos para oferecer o cuidado que seu pet merece, sempre com carinho e inova\u00e7\u00e3o.<\/p><p><strong>Nossos Valores:<\/strong><br \/>Em cada a\u00e7\u00e3o, entregamos gentileza, transpar\u00eancia, comprometimento e respeito, porque acreditamos que o amor pelo que fazemos \u00e9 o que realmente transforma cada momento em uma experi\u00eancia \u00fanica para voc\u00ea e seu pet.<\/p>\t\t\t\t\t\t<\/div>\n\t\t\t\t<\/div>\n\t\t\t\t<div class=\"elementor-element elementor-element-ae6fb01 elementor-widget elementor-widget-heading\" data-id=\"ae6fb01\" data-element_type=\"widget\" data-widget_type=\"heading.default\">\n\t\t\t\t<div class=\"elementor-widget-container\">\n\t\t\t<h2 class=\"elementor-heading-title elementor-size-default\">A Veterin\u00e1ria, mas que nossa profiss\u00e3o<\/br> \u00e9 a nossa PAIX\u00c3O<\/h2>\t\t<\/div>\n\t\t\t\t<\/div>\n\t\t\t\t\t<\/div>\n\t\t\t\t<\/div>\n\t\t<div class=\"elementor-element elementor-element-be37611 e-flex e-con-boxed wpr-particle-no wpr-jarallax-no wpr-parallax-no wpr-sticky-section-no e-con e-parent\" data-id=\"be37611\" data-element_type=\"container\">\n\t\t\t\t\t<div class=\"e-con-inner\">\n\t\t<div class=\"elementor-element elementor-element-2d82e76 e-con-full e-flex wpr-particle-no wpr-jarallax-no wpr-parallax-no wpr-sticky-section-no e-con e-child\" data-id=\"2d82e76\" data-element_type=\"container\" data-settings=\"{&quot;background_background&quot;:&quot;classic&quot;}\">\n\t\t\t\t<div class=\"elementor-element elementor-element-81f8371 elementor-align-right elementor-icon-list--layout-traditional elementor-list-item-link-full_width elementor-widget elementor-widget-icon-list\" data-id=\"81f8371\" data-element_type=\"widget\" data-widget_type=\"icon-list.default\">\n\t\t\t\t<div class=\"elementor-widget-container\">\n\t\t\t\t\t<ul class=\"elementor-icon-list-items\">\n\t\t\t\t\t\t\t<li class=\"elementor-icon-list-item\">\n\t\t\t\t\t\t\t\t\t\t\t<span class=\"elementor-icon-list-icon\">\n\t\t\t\t\t\t\t<i aria-hidden=\"true\" class=\"far fa-calendar-alt\"><\/i>\t\t\t\t\t\t<\/span>\n\t\t\t\t\t\t\t\t\t\t<span class=\"elementor-icon-list-text\">Agende aqui sua consulta<\/span>\n\t\t\t\t\t\t\t\t\t<\/li>\n\t\t\t\t\t\t<\/ul>\n\t\t\t\t<\/div>\n\t\t\t\t<\/div>\n\t\t\t\t<div class=\"elementor-element elementor-element-5649c7f elementor-align-center elementor-widget elementor-widget-button\" data-id=\"5649c7f\" data-element_type=\"widget\" data-widget_type=\"button.default\">\n\t\t\t\t<div class=\"elementor-widget-container\">\n\t\t\t\t\t<div class=\"elementor-button-wrapper\">\n\t\t\t<a class=\"elementor-button elementor-button-link elementor-size-sm elementor-animation-shrink\" href=\"https:\/\/linklist.bio\/agendamento-consulta?utm_source=site-ocicial&#038;utm_medium=btn-site&#038;utm_campaign=agendamento-site&#038;utm_id=agendamento-site&#038;utm_term=agendamento+de+consulta+via+site+oficial&#038;utm_content=agendamento+de+consulta+veterianaria\" target=\"_blank\">\n\t\t\t\t\t\t<span class=\"elementor-button-content-wrapper\">\n\t\t\t\t\t\t\t\t\t<span class=\"elementor-button-text\">Agendar Consulta<\/span>\n\t\t\t\t\t<\/span>\n\t\t\t\t\t<\/a>\n\t\t<\/div>\n\t\t\t\t<\/div>\n\t\t\t\t<\/div>\n\t\t\t\t<\/div>\n\t\t\t\t\t<\/div>\n\t\t\t\t<\/div>\n\t\t\t\t<\/div>\n\t\t","protected":false},"excerpt":{"rendered":"<p>Sobre n\u00f3s Fundada em 2002, a Citt\u00e0 Vet se consolidou como um hospital veterin\u00e1rio refer\u00eancia no cuidado humanizado e especializado para os animais. Desde o in\u00edcio, nossa miss\u00e3o tem sido oferecer atendimento de excel\u00eancia, priorizando a sa\u00fade e o bem-estar dos nossos ador\u00e1veis companheiros. Cada aspecto, desde os atendimentos cl\u00ednicos at\u00e9 os servi\u00e7os de est\u00e9tica, \u00e9 cuidadosamente monitorado pela nossa equipe de veterin\u00e1rios altamente capacitados, que se dedicam a tratar cada pet com aten\u00e7\u00e3o e carinho, garantindo que todos recebam o cuidado personalizado que merecem. Com o passar dos anos, a Citt\u00e0 Vet expandiu sua atua\u00e7\u00e3o e hoje conta com tr\u00eas unidades localizadas na Barra da Tijuca: Citt\u00e0 Office Mall, Jardim Oce\u00e2nico e BarraShopping. Essas unidades est\u00e3o equipadas com tecnologia de ponta e uma infraestrutura completa, permitindo a realiza\u00e7\u00e3o de tratamentos inovadores e procedimentos de alta complexidade. Mais do que um hospital veterin\u00e1rio, a Citt\u00e0 Vet se destaca pelo compromisso \u00e9tico e pela rela\u00e7\u00e3o de confian\u00e7a constru\u00edda com os tutores, sempre visando proporcionar o m\u00e1ximo de conforto e seguran\u00e7a para os animais. Com uma equipe apaixonada pelo que faz e uma trajet\u00f3ria de sucesso, continuamos a ser uma refer\u00eancia em cuidado veterin\u00e1rio, sempre com foco no amor e respeito pelos animais. Nossa Miss\u00e3o:Promover sa\u00fade e bem-estar para nossos pacientes e tutores vai muito al\u00e9m de uma simples profiss\u00e3o, \u00e9 a nossa verdadeira paix\u00e3o. Com um atendimento sempre personalizado e \u00e9tico, nos dedicamos a cuidar dos animais com todo o amor que eles merecem, porque sabemos que quando voc\u00ea confia em n\u00f3s, est\u00e1 buscando o melhor para quem voc\u00ea ama. Nossa Vis\u00e3o:Ser a refer\u00eancia que voc\u00ea pode confiar no mercado pet. Com tecnologia de ponta e uma estrutura completa de atendimento veterin\u00e1rio, estamos prontos para oferecer o cuidado que seu pet merece, sempre com carinho e inova\u00e7\u00e3o. Nossos Valores:Em cada a\u00e7\u00e3o, entregamos gentileza, transpar\u00eancia, comprometimento e respeito, porque acreditamos que o amor pelo que fazemos \u00e9 o que realmente transforma cada momento em uma experi\u00eancia \u00fanica para voc\u00ea e seu pet. A Veterin\u00e1ria, mas que nossa profiss\u00e3o \u00e9 a nossa PAIX\u00c3O Agende aqui sua consulta Agendar Consulta<\/p>\n","protected":false},"author":1,"featured_media":0,"parent":0,"menu_order":0,"comment_status":"closed","ping_status":"closed","template":"elementor_header_footer","meta":{"footnotes":""},"class_list":["post-18","page","type-page","status-publish","hentry"],"_links":{"self":[{"href":"https:\/\/cittavet.com.br\/index.php\/wp-json\/wp\/v2\/pages\/18","targetHints":{"allow":["GET"]}}],"collection":[{"href":"https:\/\/cittavet.com.br\/index.php\/wp-json\/wp\/v2\/pages"}],"about":[{"href":"https:\/\/cittavet.com.br\/index.php\/wp-json\/wp\/v2\/types\/page"}],"author":[{"embeddable":true,"href":"https:\/\/cittavet.com.br\/index.php\/wp-json\/wp\/v2\/users\/1"}],"replies":[{"embeddable":true,"href":"https:\/\/cittavet.com.br\/index.php\/wp-json\/wp\/v2\/comments?post=18"}],"version-history":[{"count":10,"href":"https:\/\/cittavet.com.br\/index.php\/wp-json\/wp\/v2\/pages\/18\/revisions"}],"predecessor-version":[{"id":373,"href":"https:\/\/cittavet.com.br\/index.php\/wp-json\/wp\/v2\/pages\/18\/revisions\/373"}],"wp:attachment":[{"href":"https:\/\/cittavet.com.br\/index.php\/wp-json\/wp\/v2\/media?parent=18"}],"curies":[{"name":"wp","href":"https:\/\/api.w.org\/{rel}","templated":true}]}}