{"id":560,"date":"2024-09-19T16:21:47","date_gmt":"2024-09-19T16:21:47","guid":{"rendered":"https:\/\/cittavet.com.br\/?page_id=560"},"modified":"2024-09-19T18:38:44","modified_gmt":"2024-09-19T18:38:44","slug":"adocao-responsavel","status":"publish","type":"page","link":"https:\/\/cittavet.com.br\/index.php\/adocao-responsavel\/","title":{"rendered":"Ado\u00e7\u00e3o Respons\u00e1vel"},"content":{"rendered":"\t\t<div data-elementor-type=\"wp-page\" data-elementor-id=\"560\" class=\"elementor elementor-560\" data-elementor-post-type=\"page\">\n\t\t\t\t<div class=\"elementor-element elementor-element-925fba4 e-flex e-con-boxed wpr-particle-no wpr-jarallax-no wpr-parallax-no wpr-sticky-section-no e-con e-parent\" data-id=\"925fba4\" data-element_type=\"container\">\n\t\t\t\t\t<div class=\"e-con-inner\">\n\t\t\t\t<div class=\"elementor-element elementor-element-35ef9ee elementor-widget elementor-widget-heading\" data-id=\"35ef9ee\" data-element_type=\"widget\" data-widget_type=\"heading.default\">\n\t\t\t\t<div class=\"elementor-widget-container\">\n\t\t\t<h2 class=\"elementor-heading-title elementor-size-default\">Ado\u00e7\u00e3o Respons\u00e1vel<\/br> Uma Decis\u00e3o que Transforma Vidas<\/h2>\t\t<\/div>\n\t\t\t\t<\/div>\n\t\t\t\t\t<\/div>\n\t\t\t\t<\/div>\n\t\t<div class=\"elementor-element elementor-element-9119ec8 e-flex e-con-boxed wpr-particle-no wpr-jarallax-no wpr-parallax-no wpr-sticky-section-no e-con e-parent\" data-id=\"9119ec8\" data-element_type=\"container\">\n\t\t\t\t\t<div class=\"e-con-inner\">\n\t\t\t\t<div class=\"elementor-element elementor-element-0c5b46c elementor-widget elementor-widget-image\" data-id=\"0c5b46c\" data-element_type=\"widget\" data-widget_type=\"image.default\">\n\t\t\t\t<div class=\"elementor-widget-container\">\n\t\t\t\t\t\t\t\t\t\t\t\t\t<img fetchpriority=\"high\" decoding=\"async\" width=\"800\" height=\"355\" src=\"https:\/\/cittavet.com.br\/wp-content\/uploads\/2024\/09\/destque-adote-1024x455.jpg\" class=\"attachment-large size-large wp-image-563\" alt=\"\" srcset=\"https:\/\/cittavet.com.br\/wp-content\/uploads\/2024\/09\/destque-adote-1024x455.jpg 1024w, https:\/\/cittavet.com.br\/wp-content\/uploads\/2024\/09\/destque-adote-300x133.jpg 300w, https:\/\/cittavet.com.br\/wp-content\/uploads\/2024\/09\/destque-adote-768x341.jpg 768w, https:\/\/cittavet.com.br\/wp-content\/uploads\/2024\/09\/destque-adote-1536x683.jpg 1536w, https:\/\/cittavet.com.br\/wp-content\/uploads\/2024\/09\/destque-adote.jpg 1600w\" sizes=\"(max-width: 800px) 100vw, 800px\" \/>\t\t\t\t\t\t\t\t\t\t\t\t\t<\/div>\n\t\t\t\t<\/div>\n\t\t\t\t\t<\/div>\n\t\t\t\t<\/div>\n\t\t<div class=\"elementor-element elementor-element-3f11f66 e-flex e-con-boxed wpr-particle-no wpr-jarallax-no wpr-parallax-no wpr-sticky-section-no e-con e-parent\" data-id=\"3f11f66\" data-element_type=\"container\">\n\t\t\t\t\t<div class=\"e-con-inner\">\n\t\t\t\t<div class=\"elementor-element elementor-element-9818657 elementor-widget elementor-widget-text-editor\" data-id=\"9818657\" data-element_type=\"widget\" data-widget_type=\"text-editor.default\">\n\t\t\t\t<div class=\"elementor-widget-container\">\n\t\t\t\t\t\t\t<p>Adotar um pet \u00e9 um gesto de amor que vai al\u00e9m de dar um lar a um animal. \u00c9 assumir a responsabilidade por uma vida que depende de voc\u00ea para viver com dignidade e sa\u00fade. Na Citt\u00e0 Vet, n\u00f3s entendemos que a ado\u00e7\u00e3o respons\u00e1vel \u00e9 um compromisso s\u00e9rio e, por isso, fazemos quest\u00e3o de promover a\u00e7\u00f5es que incentivem essa pr\u00e1tica consciente.<\/p>\t\t\t\t\t\t<\/div>\n\t\t\t\t<\/div>\n\t\t\t\t\t<\/div>\n\t\t\t\t<\/div>\n\t\t<div class=\"elementor-element elementor-element-26e302b e-flex e-con-boxed wpr-particle-no wpr-jarallax-no wpr-parallax-no wpr-sticky-section-no e-con e-parent\" data-id=\"26e302b\" data-element_type=\"container\">\n\t\t\t\t\t<div class=\"e-con-inner\">\n\t\t<div class=\"elementor-element elementor-element-1c62d2d e-con-full e-flex wpr-particle-no wpr-jarallax-no wpr-parallax-no wpr-sticky-section-no e-con e-child\" data-id=\"1c62d2d\" data-element_type=\"container\">\n\t\t\t\t<div class=\"elementor-element elementor-element-4de2021 elementor-widget elementor-widget-image\" data-id=\"4de2021\" data-element_type=\"widget\" data-widget_type=\"image.default\">\n\t\t\t\t<div class=\"elementor-widget-container\">\n\t\t\t\t\t\t\t\t\t\t\t\t\t<img decoding=\"async\" width=\"500\" height=\"500\" src=\"https:\/\/cittavet.com.br\/wp-content\/uploads\/2024\/09\/indefesos.jpg\" class=\"attachment-large size-large wp-image-567\" alt=\"\" srcset=\"https:\/\/cittavet.com.br\/wp-content\/uploads\/2024\/09\/indefesos.jpg 500w, https:\/\/cittavet.com.br\/wp-content\/uploads\/2024\/09\/indefesos-300x300.jpg 300w, https:\/\/cittavet.com.br\/wp-content\/uploads\/2024\/09\/indefesos-150x150.jpg 150w\" sizes=\"(max-width: 500px) 100vw, 500px\" \/>\t\t\t\t\t\t\t\t\t\t\t\t\t<\/div>\n\t\t\t\t<\/div>\n\t\t\t\t<\/div>\n\t\t<div class=\"elementor-element elementor-element-b6f2446 e-con-full e-flex wpr-particle-no wpr-jarallax-no wpr-parallax-no wpr-sticky-section-no e-con e-child\" data-id=\"b6f2446\" data-element_type=\"container\">\n\t\t\t\t<div class=\"elementor-element elementor-element-0a9a09f elementor-widget elementor-widget-text-editor\" data-id=\"0a9a09f\" data-element_type=\"widget\" data-widget_type=\"text-editor.default\">\n\t\t\t\t<div class=\"elementor-widget-container\">\n\t\t\t\t\t\t\t<p>Em parceria com a ONG Os Indefesos, a Citt\u00e0 Vet participa ativamente do *Projeto Vitrine de Ado\u00e7\u00e3o*, dispon\u00edvel em nossas unidades no BarraShopping e Citt\u00e0 Office Mall. Este projeto oferece a oportunidade para que voc\u00ea conhe\u00e7a e se conecte com animais que est\u00e3o \u00e0 espera de uma segunda chance. Todos os pets dispon\u00edveis para ado\u00e7\u00e3o foram resgatados, receberam cuidados m\u00e9dicos e est\u00e3o prontos para encontrar uma fam\u00edlia amorosa.<\/p><p>Mas, adotar vai muito al\u00e9m de levar um pet para casa. \u00c9 fundamental garantir que voc\u00ea possa atender \u00e0s necessidades f\u00edsicas, emocionais e m\u00e9dicas do animal ao longo da vida. Isso inclui desde consultas regulares ao veterin\u00e1rio at\u00e9 oferecer carinho e um ambiente adequado para o seu desenvolvimento.<\/p>\t\t\t\t\t\t<\/div>\n\t\t\t\t<\/div>\n\t\t\t\t<\/div>\n\t\t\t\t\t<\/div>\n\t\t\t\t<\/div>\n\t\t<div class=\"elementor-element elementor-element-520d9c4 e-flex e-con-boxed wpr-particle-no wpr-jarallax-no wpr-parallax-no wpr-sticky-section-no e-con e-parent\" data-id=\"520d9c4\" data-element_type=\"container\">\n\t\t\t\t\t<div class=\"e-con-inner\">\n\t\t<div class=\"elementor-element elementor-element-52e5d12 e-con-full e-flex wpr-particle-no wpr-jarallax-no wpr-parallax-no wpr-sticky-section-no e-con e-child\" data-id=\"52e5d12\" data-element_type=\"container\">\n\t\t\t\t<div class=\"elementor-element elementor-element-37b3914 elementor-widget elementor-widget-text-editor\" data-id=\"37b3914\" data-element_type=\"widget\" data-widget_type=\"text-editor.default\">\n\t\t\t\t<div class=\"elementor-widget-container\">\n\t\t\t\t\t\t\t<p>Antes de tomar essa decis\u00e3o, avalie se sua rotina e recursos permitem cuidar de um pet. Ado\u00e7\u00e3o respons\u00e1vel \u00e9 sobre garantir que, ao abrir as portas da sua casa, voc\u00ea tamb\u00e9m esteja abrindo as portas do seu cora\u00e7\u00e3o para um compromisso de longo prazo.<br \/><br \/>N\u00f3s, da Citt\u00e0 Vet, temos orgulho de fazer parte dessa iniciativa e contribuir para transformar a vida desses bichinhos e de suas futuras fam\u00edlias. Visite nossa *Vitrine de Ado\u00e7\u00e3o* e ajude a espalhar esse movimento de amor!<\/p>\t\t\t\t\t\t<\/div>\n\t\t\t\t<\/div>\n\t\t\t\t<\/div>\n\t\t<div class=\"elementor-element elementor-element-7163089 e-con-full e-flex wpr-particle-no wpr-jarallax-no wpr-parallax-no wpr-sticky-section-no e-con e-child\" data-id=\"7163089\" data-element_type=\"container\">\n\t\t\t\t<div class=\"elementor-element elementor-element-4bb0e91 elementor-widget elementor-widget-image\" data-id=\"4bb0e91\" data-element_type=\"widget\" data-widget_type=\"image.default\">\n\t\t\t\t<div class=\"elementor-widget-container\">\n\t\t\t\t\t\t\t\t\t\t\t\t\t<img decoding=\"async\" width=\"300\" height=\"300\" src=\"https:\/\/cittavet.com.br\/wp-content\/uploads\/2024\/09\/vitrine-300x300.jpg\" class=\"attachment-medium size-medium wp-image-580\" alt=\"\" srcset=\"https:\/\/cittavet.com.br\/wp-content\/uploads\/2024\/09\/vitrine-300x300.jpg 300w, https:\/\/cittavet.com.br\/wp-content\/uploads\/2024\/09\/vitrine-150x150.jpg 150w, https:\/\/cittavet.com.br\/wp-content\/uploads\/2024\/09\/vitrine.jpg 500w\" sizes=\"(max-width: 300px) 100vw, 300px\" \/>\t\t\t\t\t\t\t\t\t\t\t\t\t<\/div>\n\t\t\t\t<\/div>\n\t\t\t\t<\/div>\n\t\t\t\t\t<\/div>\n\t\t\t\t<\/div>\n\t\t<div class=\"elementor-element elementor-element-8d3257e e-flex e-con-boxed wpr-particle-no wpr-jarallax-no wpr-parallax-no wpr-sticky-section-no e-con e-parent\" data-id=\"8d3257e\" data-element_type=\"container\" data-settings=\"{&quot;background_background&quot;:&quot;classic&quot;}\">\n\t\t\t\t\t<div class=\"e-con-inner\">\n\t\t\t\t<div class=\"elementor-element elementor-element-359ad7c elementor-widget elementor-widget-heading\" data-id=\"359ad7c\" data-element_type=\"widget\" data-widget_type=\"heading.default\">\n\t\t\t\t<div class=\"elementor-widget-container\">\n\t\t\t<h2 class=\"elementor-heading-title elementor-size-default\"><a href=\"https:\/\/www.instagram.com\/osindefesos\/\">Conhe\u00e7a o trabalho da ONG Os Indefesos atrav\u00e9s do instagram @osindefesos<\/a><\/h2>\t\t<\/div>\n\t\t\t\t<\/div>\n\t\t\t\t\t<\/div>\n\t\t\t\t<\/div>\n\t\t\t\t<\/div>\n\t\t","protected":false},"excerpt":{"rendered":"<p>Ado\u00e7\u00e3o Respons\u00e1vel Uma Decis\u00e3o que Transforma Vidas Adotar um pet \u00e9 um gesto de amor que vai al\u00e9m de dar um lar a um animal. \u00c9 assumir a responsabilidade por uma vida que depende de voc\u00ea para viver com dignidade e sa\u00fade. Na Citt\u00e0 Vet, n\u00f3s entendemos que a ado\u00e7\u00e3o respons\u00e1vel \u00e9 um compromisso s\u00e9rio e, por isso, fazemos quest\u00e3o de promover a\u00e7\u00f5es que incentivem essa pr\u00e1tica consciente. Em parceria com a ONG Os Indefesos, a Citt\u00e0 Vet participa ativamente do *Projeto Vitrine de Ado\u00e7\u00e3o*, dispon\u00edvel em nossas unidades no BarraShopping e Citt\u00e0 Office Mall. Este projeto oferece a oportunidade para que voc\u00ea conhe\u00e7a e se conecte com animais que est\u00e3o \u00e0 espera de uma segunda chance. Todos os pets dispon\u00edveis para ado\u00e7\u00e3o foram resgatados, receberam cuidados m\u00e9dicos e est\u00e3o prontos para encontrar uma fam\u00edlia amorosa. Mas, adotar vai muito al\u00e9m de levar um pet para casa. \u00c9 fundamental garantir que voc\u00ea possa atender \u00e0s necessidades f\u00edsicas, emocionais e m\u00e9dicas do animal ao longo da vida. Isso inclui desde consultas regulares ao veterin\u00e1rio at\u00e9 oferecer carinho e um ambiente adequado para o seu desenvolvimento. Antes de tomar essa decis\u00e3o, avalie se sua rotina e recursos permitem cuidar de um pet. Ado\u00e7\u00e3o respons\u00e1vel \u00e9 sobre garantir que, ao abrir as portas da sua casa, voc\u00ea tamb\u00e9m esteja abrindo as portas do seu cora\u00e7\u00e3o para um compromisso de longo prazo. N\u00f3s, da Citt\u00e0 Vet, temos orgulho de fazer parte dessa iniciativa e contribuir para transformar a vida desses bichinhos e de suas futuras fam\u00edlias. Visite nossa *Vitrine de Ado\u00e7\u00e3o* e ajude a espalhar esse movimento de amor! Conhe\u00e7a o trabalho da ONG Os Indefesos atrav\u00e9s do instagram @osindefesos<\/p>\n","protected":false},"author":1,"featured_media":0,"parent":0,"menu_order":0,"comment_status":"closed","ping_status":"closed","template":"elementor_header_footer","meta":{"footnotes":""},"class_list":["post-560","page","type-page","status-publish","hentry"],"_links":{"self":[{"href":"https:\/\/cittavet.com.br\/index.php\/wp-json\/wp\/v2\/pages\/560","targetHints":{"allow":["GET"]}}],"collection":[{"href":"https:\/\/cittavet.com.br\/index.php\/wp-json\/wp\/v2\/pages"}],"about":[{"href":"https:\/\/cittavet.com.br\/index.php\/wp-json\/wp\/v2\/types\/page"}],"author":[{"embeddable":true,"href":"https:\/\/cittavet.com.br\/index.php\/wp-json\/wp\/v2\/users\/1"}],"replies":[{"embeddable":true,"href":"https:\/\/cittavet.com.br\/index.php\/wp-json\/wp\/v2\/comments?post=560"}],"version-history":[{"count":16,"href":"https:\/\/cittavet.com.br\/index.php\/wp-json\/wp\/v2\/pages\/560\/revisions"}],"predecessor-version":[{"id":586,"href":"https:\/\/cittavet.com.br\/index.php\/wp-json\/wp\/v2\/pages\/560\/revisions\/586"}],"wp:attachment":[{"href":"https:\/\/cittavet.com.br\/index.php\/wp-json\/wp\/v2\/media?parent=560"}],"curies":[{"name":"wp","href":"https:\/\/api.w.org\/{rel}","templated":true}]}}